{"id":3,"date":"2025-12-08T21:27:00","date_gmt":"2025-12-08T20:27:00","guid":{"rendered":"http:\/\/falcomplai.de\/?page_id=3"},"modified":"2025-12-13T22:13:15","modified_gmt":"2025-12-13T21:13:15","slug":"datenschutzerklaerung","status":"publish","type":"page","link":"https:\/\/falcomplai.de\/en\/datenschutzerklaerung\/","title":{"rendered":"Data protection clause"},"content":{"rendered":"\t\t<div data-elementor-type=\"wp-page\" data-elementor-id=\"3\" class=\"elementor elementor-3\" data-elementor-post-type=\"page\">\n\t\t\t\t<div class=\"elementor-element elementor-element-58901149 e-flex e-con-boxed e-con e-parent\" data-id=\"58901149\" data-element_type=\"container\" data-e-type=\"container\">\n\t\t\t\t\t<div class=\"e-con-inner\">\n\t\t\t\t<div class=\"elementor-element elementor-element-4d054af6 elementor-widget elementor-widget-text-editor\" data-id=\"4d054af6\" data-element_type=\"widget\" data-e-type=\"widget\" data-widget_type=\"text-editor.default\">\n\t\t\t\t\t\t\t\t\t<p><\/p>\n<h2 class=\"wp-block-heading\" data-start=\"1625\" data-end=\"1652\"><strong data-start=\"1628\" data-end=\"1652\">Datenschutzerkl\u00e4rung<\/strong><\/h2>\n<h3 data-start=\"1654\" data-end=\"1681\"><strong data-start=\"1658\" data-end=\"1681\">1. Verantwortlicher<\/strong><\/h3>\n<p data-start=\"1682\" data-end=\"1746\">Verantwortlich f\u00fcr die Datenverarbeitung auf dieser Website ist:<\/p>\n<p data-start=\"1748\" data-end=\"1817\"><strong data-start=\"1748\" data-end=\"1776\">[Serafyma Sokolenko \/ FalcomplAI]<\/strong><br data-start=\"1776\" data-end=\"1779\"><strong data-start=\"1779\" data-end=\"1792\">Berlin<\/strong><br data-start=\"1792\" data-end=\"1795\"><strong data-start=\"1795\" data-end=\"1815\">[Serafyma.Sokolenko@falcomplai.de]<\/strong><\/p>\n<hr data-start=\"1819\" data-end=\"1822\">\n<h3 data-start=\"1824\" data-end=\"1854\"><strong data-start=\"1828\" data-end=\"1854\">2. Allgemeine Hinweise<\/strong><\/h3>\n<p data-start=\"1855\" data-end=\"2025\">Der Schutz Ihrer pers\u00f6nlichen Daten ist uns ein wichtiges Anliegen. Wir verarbeiten personenbezogene Daten ausschlie\u00dflich im Rahmen der gesetzlichen Bestimmungen (DSGVO).<\/p>\n<hr data-start=\"2027\" data-end=\"2030\">\n<h3 data-start=\"2032\" data-end=\"2079\"><strong data-start=\"2036\" data-end=\"2079\">3. Verarbeitung personenbezogener Daten<\/strong><\/h3>\n<p data-start=\"2080\" data-end=\"2233\">Personenbezogene Daten werden auf dieser Website <strong data-start=\"2129\" data-end=\"2149\">nur dann erhoben<\/strong>, wenn Sie uns diese <strong data-start=\"2170\" data-end=\"2184\">freiwillig<\/strong> mitteilen, z. B. im Rahmen einer Kontaktanfrage.<\/p>\n<p data-start=\"2235\" data-end=\"2267\">Verarbeitet werden insbesondere:<\/p>\n<ul data-start=\"2268\" data-end=\"2318\">\n<li data-start=\"2268\" data-end=\"2276\">\n<p data-start=\"2270\" data-end=\"2276\">Name<\/p>\n<\/li>\n<li data-start=\"2277\" data-end=\"2295\">\n<p data-start=\"2279\" data-end=\"2295\">E-Mail-Adresse<\/p>\n<\/li>\n<li data-start=\"2296\" data-end=\"2318\">\n<p data-start=\"2298\" data-end=\"2318\">Inhalt der Anfrage<\/p>\n<\/li>\n<\/ul>\n<hr data-start=\"2320\" data-end=\"2323\">\n<h3 data-start=\"2325\" data-end=\"2363\"><strong data-start=\"2329\" data-end=\"2363\">4. Zweck der Datenverarbeitung<\/strong><\/h3>\n<p data-start=\"2364\" data-end=\"2545\">Die Verarbeitung der Daten erfolgt <strong data-start=\"2399\" data-end=\"2447\">ausschlie\u00dflich zur Bearbeitung Ihrer Anfrage<\/strong> und zur Erf\u00fcllung vorvertraglicher oder vertraglicher Ma\u00dfnahmen gem\u00e4\u00df Art. 6 Abs. 1 lit. b DSGVO.<\/p>\n<hr data-start=\"2547\" data-end=\"2550\">\n<h3 data-start=\"2552\" data-end=\"2583\"><strong data-start=\"2556\" data-end=\"2583\">5. Weitergabe von Daten<\/strong><\/h3>\n<p data-start=\"2584\" data-end=\"2728\">Eine Weitergabe Ihrer Daten an Dritte erfolgt <strong data-start=\"2630\" data-end=\"2639\">nicht<\/strong>, es sei denn, sie ist zur Vertragserf\u00fcllung erforderlich oder gesetzlich vorgeschrieben.<\/p>\n<hr data-start=\"2730\" data-end=\"2733\">\n<h3 data-start=\"2735\" data-end=\"2770\"><strong data-start=\"2739\" data-end=\"2770\">6. Speicherung und L\u00f6schung<\/strong><\/h3>\n<p data-start=\"2771\" data-end=\"2920\">Ihre Daten werden nur so lange gespeichert, wie dies zur Bearbeitung Ihrer Anfrage erforderlich ist oder gesetzliche Aufbewahrungspflichten bestehen.<\/p>\n<hr data-start=\"2922\" data-end=\"2925\">\n<h3 data-start=\"2927\" data-end=\"2953\"><strong data-start=\"2931\" data-end=\"2953\">7. Server-Logfiles<\/strong><\/h3>\n<p data-start=\"2954\" data-end=\"3179\">Der Hosting-Anbieter erhebt Daten \u00fcber Zugriffe auf die Website (sogenannte Server-Logfiles). Diese Daten dienen ausschlie\u00dflich der technischen Sicherheit der Website und werden nicht mit anderen Datenquellen zusammengef\u00fchrt.<\/p>\n<hr data-start=\"3181\" data-end=\"3184\">\n<h3 data-start=\"3186\" data-end=\"3208\"><strong data-start=\"3190\" data-end=\"3208\">8. Ihre Rechte<\/strong><\/h3>\n<p data-start=\"3209\" data-end=\"3229\">Sie haben das Recht:<\/p>\n<ul data-start=\"3230\" data-end=\"3422\">\n<li data-start=\"3230\" data-end=\"3276\">\n<p data-start=\"3232\" data-end=\"3276\">auf Auskunft \u00fcber Ihre gespeicherten Daten<\/p>\n<\/li>\n<li data-start=\"3277\" data-end=\"3311\">\n<p data-start=\"3279\" data-end=\"3311\">auf Berichtigung oder L\u00f6schung<\/p>\n<\/li>\n<li data-start=\"3312\" data-end=\"3350\">\n<p data-start=\"3314\" data-end=\"3350\">auf Einschr\u00e4nkung der Verarbeitung<\/p>\n<\/li>\n<li data-start=\"3351\" data-end=\"3393\">\n<p data-start=\"3353\" data-end=\"3393\">auf Widerspruch gegen die Verarbeitung<\/p>\n<\/li>\n<li data-start=\"3394\" data-end=\"3422\">\n<p data-start=\"3396\" data-end=\"3422\">auf Daten\u00fcbertragbarkeit<\/p>\n<\/li>\n<\/ul>\n<p data-start=\"3424\" data-end=\"3487\">Anfragen richten Sie bitte an die oben genannte Kontaktadresse.<\/p>\n<hr data-start=\"3489\" data-end=\"3492\">\n<h3 data-start=\"3494\" data-end=\"3520\"><strong data-start=\"3498\" data-end=\"3520\">9. Beschwerderecht<\/strong><\/h3>\n<h2><span style=\"font-size: 16px;\">Sie haben das Recht, sich bei der zust\u00e4ndigen Datenschutzaufsichtsbeh\u00f6rde zu beschweren.<\/span><\/h2><h2><br><\/h2><h2>Wer wir sind<\/h2>\n<p><br><\/p>\n<p>Die Adresse unserer Website ist: http:\/\/falcomplai.de.<\/p>\n<p>NUR SOWEIT SIE SICH SP\u00c4TER ANMELDEN UND KOMMENTARFUNKTIONEN NUTZEN:<\/p>\n<h2 class=\"wp-block-heading\">Kommentare<\/h2>\n<p><br><\/p>\n<p>Wenn Besucher Kommentare auf der Website schreiben, sammeln wir die Daten, die im Kommentar-Formular angezeigt werden, au\u00dferdem die IP-Adresse des Besuchers und den User-Agent-String (damit wird der Browser identifiziert), um die Erkennung von Spam zu unterst\u00fctzen.<\/p>\n<p><br><\/p>\n<p>Aus deiner E-Mail-Adresse kann eine anonymisierte Zeichenfolge erstellt (auch Hash genannt) und dem Gravatar-Dienst \u00fcbergeben werden, um zu pr\u00fcfen, ob du diesen benutzt. Die Datenschutzerkl\u00e4rung des Gravatar-Dienstes findest du hier: https:\/\/automattic.com\/privacy\/. Nachdem dein Kommentar freigegeben wurde, ist dein Profilbild \u00f6ffentlich im Kontext deines Kommentars sichtbar.<\/p>\n<p><br><\/p>\n<h2 class=\"wp-block-heading\">Medien<\/h2>\n<p><br><\/p>\n<p>Wenn du ein registrierter Benutzer bist und Fotos auf diese Website l\u00e4dst, solltest du vermeiden, Fotos mit einem EXIF-GPS-Standort hochzuladen. Besucher dieser Website k\u00f6nnten Fotos, die auf dieser Website gespeichert sind, herunterladen und deren Standort-Informationen extrahieren.<\/p>\n<p><br><\/p>\n<h2 class=\"wp-block-heading\">Cookies<\/h2>\n<p><br><\/p>\n<p>Wenn du einen Kommentar auf unserer Website schreibst, kann das eine Einwilligung sein, deinen Namen, E-Mail-Adresse und Website in Cookies zu speichern. Dies ist eine Komfortfunktion, damit du nicht, wenn du einen weiteren Kommentar schreibst, all diese Daten erneut eingeben musst. Diese Cookies werden ein Jahr lang gespeichert.<\/p>\n<p><br><\/p>\n<p>Falls du ein Konto hast und dich auf dieser Website anmeldest, werden wir ein tempor\u00e4res Cookie setzen, um festzustellen, ob dein Browser Cookies akzeptiert. Dieses Cookie enth\u00e4lt keine personenbezogenen Daten und wird verworfen, wenn du deinen Browser schlie\u00dft.<\/p>\n<p><br><\/p>\n<p>Wenn du dich anmeldest, werden wir einige Cookies einrichten, um deine Anmeldeinformationen und Anzeigeoptionen zu speichern. Anmelde-Cookies verfallen nach zwei Tagen und Cookies f\u00fcr die Anzeigeoptionen nach einem Jahr. Falls du bei der Anmeldung \u201eAngemeldet bleiben\u201c ausw\u00e4hlst, wird deine Anmeldung zwei Wochen lang aufrechterhalten. Mit der Abmeldung aus deinem Konto werden die Anmelde-Cookies gel\u00f6scht.<\/p>\n<p><br><\/p>\n<p>Wenn du einen Artikel bearbeitest oder ver\u00f6ffentlichst, wird ein zus\u00e4tzlicher Cookie in deinem Browser gespeichert. Dieser Cookie enth\u00e4lt keine personenbezogenen Daten und verweist nur auf die Beitrags-ID des Artikels, den du gerade bearbeitet hast. Der Cookie verf\u00e4llt nach einem Tag.<\/p>\n<p><br><\/p>\n<h2 class=\"wp-block-heading\">Eingebettete Inhalte von anderen Websites<\/h2>\n<p><br><\/p>\n<p>Beitr\u00e4ge auf dieser Website k\u00f6nnen eingebettete Inhalte beinhalten (z.&nbsp;B. Videos, Bilder, Beitr\u00e4ge etc.). Eingebettete Inhalte von anderen Websites verhalten sich exakt so, als ob der Besucher die andere Website besucht h\u00e4tte.<\/p>\n<p><br><\/p>\n<p>Diese Websites k\u00f6nnen Daten \u00fcber dich sammeln, Cookies benutzen, zus\u00e4tzliche Tracking-Dienste von Dritten einbetten und deine Interaktion mit diesem eingebetteten Inhalt aufzeichnen, inklusive deiner Interaktion mit dem eingebetteten Inhalt, falls du ein Konto hast und auf dieser Website angemeldet bist.<\/p>\n<p><br><\/p>\n<h2 class=\"wp-block-heading\">Mit wem wir deine Daten teilen<\/h2>\n<p><br><\/p>\n<p>Wenn du eine Zur\u00fccksetzung des Passworts beantragst, wird deine IP-Adresse in der E-Mail zur Zur\u00fccksetzung enthalten sein.<\/p>\n<p><br><\/p>\n<h2 class=\"wp-block-heading\">Wie lange wir deine Daten speichern<\/h2>\n<p><br><\/p>\n<p>Wenn du einen Kommentar schreibst, wird dieser inklusive Metadaten zeitlich unbegrenzt gespeichert. Auf diese Art k\u00f6nnen wir Folgekommentare automatisch erkennen und freigeben, anstatt sie in einer Moderations-Warteschlange festzuhalten.<\/p>\n<p><br><\/p>\n<p>F\u00fcr Benutzer, die sich auf unserer Website registrieren, speichern wir zus\u00e4tzlich die pers\u00f6nlichen Informationen, die sie in ihren Benutzerprofilen angeben. Alle Benutzer k\u00f6nnen jederzeit ihre pers\u00f6nlichen Informationen einsehen, ver\u00e4ndern oder l\u00f6schen (der Benutzername kann nicht ver\u00e4ndert werden). Administratoren der Website k\u00f6nnen diese Informationen ebenfalls einsehen und ver\u00e4ndern.<\/p>\n<p><br><\/p>\n<h2 class=\"wp-block-heading\">Welche Rechte du an deinen Daten hast<\/h2>\n<p><br><\/p>\n<p>Wenn du ein Konto auf dieser Website besitzt oder Kommentare geschrieben hast, kannst du einen Export deiner personenbezogenen Daten bei uns anfordern, inklusive aller Daten, die du uns mitgeteilt hast. Dar\u00fcber hinaus kannst du die L\u00f6schung aller personenbezogenen Daten, die wir von dir gespeichert haben, anfordern. Dies umfasst nicht die Daten, die wir aufgrund administrativer, rechtlicher oder sicherheitsrelevanter Notwendigkeiten aufbewahren m\u00fcssen.<\/p>\n<p><br><\/p>\n<h2 class=\"wp-block-heading\">Wohin deine Daten gesendet werden<\/h2>\n<p><br><\/p>\n<p>Besucher-Kommentare k\u00f6nnten von einem automatisierten Dienst zur Spam-Erkennung untersucht werden.<\/p>\n<p><\/p>\t\t\t\t\t\t\t\t<\/div>\n\t\t\t\t\t<\/div>\n\t\t\t\t<\/div>\n\t\t\t\t<\/div>\n\t\t","protected":false},"excerpt":{"rendered":"<p>Datenschutzerkl\u00e4rung 1. Verantwortlicher Verantwortlich f\u00fcr die Datenverarbeitung auf dieser Website ist: [Serafyma Sokolenko \/ FalcomplAI]Berlin[Serafyma.Sokolenko@falcomplai.de] 2. Allgemeine Hinweise Der Schutz Ihrer pers\u00f6nlichen Daten ist uns ein wichtiges Anliegen. Wir verarbeiten personenbezogene Daten ausschlie\u00dflich im Rahmen der gesetzlichen Bestimmungen (DSGVO). 3. Verarbeitung personenbezogener Daten Personenbezogene Daten werden auf dieser Website nur dann erhoben, wenn Sie uns [&hellip;]<\/p>\n","protected":false},"author":1,"featured_media":0,"parent":0,"menu_order":0,"comment_status":"closed","ping_status":"open","template":"","meta":{"_surecart_dashboard_logo_width":"180px","_surecart_dashboard_show_logo":true,"_surecart_dashboard_navigation_orders":true,"_surecart_dashboard_navigation_invoices":true,"_surecart_dashboard_navigation_subscriptions":true,"_surecart_dashboard_navigation_downloads":true,"_surecart_dashboard_navigation_billing":true,"_surecart_dashboard_navigation_account":true,"footnotes":""},"class_list":["post-3","page","type-page","status-publish","hentry"],"_links":{"self":[{"href":"https:\/\/falcomplai.de\/en\/wp-json\/wp\/v2\/pages\/3","targetHints":{"allow":["GET"]}}],"collection":[{"href":"https:\/\/falcomplai.de\/en\/wp-json\/wp\/v2\/pages"}],"about":[{"href":"https:\/\/falcomplai.de\/en\/wp-json\/wp\/v2\/types\/page"}],"author":[{"embeddable":true,"href":"https:\/\/falcomplai.de\/en\/wp-json\/wp\/v2\/users\/1"}],"replies":[{"embeddable":true,"href":"https:\/\/falcomplai.de\/en\/wp-json\/wp\/v2\/comments?post=3"}],"version-history":[{"count":3,"href":"https:\/\/falcomplai.de\/en\/wp-json\/wp\/v2\/pages\/3\/revisions"}],"predecessor-version":[{"id":157,"href":"https:\/\/falcomplai.de\/en\/wp-json\/wp\/v2\/pages\/3\/revisions\/157"}],"wp:attachment":[{"href":"https:\/\/falcomplai.de\/en\/wp-json\/wp\/v2\/media?parent=3"}],"curies":[{"name":"wp","href":"https:\/\/api.w.org\/{rel}","templated":true}]}}