{"id":380,"date":"2026-03-03T22:37:56","date_gmt":"2026-03-03T21:37:56","guid":{"rendered":"https:\/\/falcomplai.de\/?page_id=380"},"modified":"2026-03-07T20:48:37","modified_gmt":"2026-03-07T19:48:37","slug":"ai-readiness-check","status":"publish","type":"page","link":"https:\/\/falcomplai.de\/en\/ai-readiness-check\/","title":{"rendered":"AI Readiness Check"},"content":{"rendered":"<div data-elementor-type=\"wp-page\" data-elementor-id=\"380\" class=\"elementor elementor-380\" data-elementor-post-type=\"page\">\n\t\t\t\t<div class=\"elementor-element elementor-element-c99809b e-flex e-con-boxed e-con e-parent\" data-id=\"c99809b\" data-element_type=\"container\" data-e-type=\"container\">\n\t\t\t\t\t<div class=\"e-con-inner\">\n\t\t\t\t<div class=\"elementor-element elementor-element-54cb3cf elementor-widget elementor-widget-heading\" data-id=\"54cb3cf\" data-element_type=\"widget\" data-e-type=\"widget\" data-widget_type=\"heading.default\">\n\t\t\t\t\t<h1 class=\"elementor-heading-title elementor-size-default\">A structured introduction to your AI governance<\/h1>\t\t\t\t<\/div>\n\t\t\t\t\t<\/div>\n\t\t\t\t<\/div>\n\t\t<div class=\"elementor-element elementor-element-af6bbad e-flex e-con-boxed e-con e-parent\" data-id=\"af6bbad\" data-element_type=\"container\" data-e-type=\"container\">\n\t\t\t\t\t<div class=\"e-con-inner\">\n\t\t\t\t<div class=\"elementor-element elementor-element-bb29e7b elementor-widget elementor-widget-text-editor\" data-id=\"bb29e7b\" data-element_type=\"widget\" data-e-type=\"widget\" data-widget_type=\"text-editor.default\">\n\t\t\t\t\t\t\t\t\t<p>The AI Readiness Check creates transparency regarding AI systems that are currently in use and planned for future implementation, classifies regulatory touchpoints and defines concrete next steps.<\/p>\t\t\t\t\t\t\t\t<\/div>\n\t\t\t\t<div class=\"elementor-element elementor-element-2b0375f elementor-widget elementor-widget-button\" data-id=\"2b0375f\" data-element_type=\"widget\" data-e-type=\"widget\" data-widget_type=\"button.default\">\n\t\t\t\t\t\t\t\t\t\t<a class=\"elementor-button elementor-button-link elementor-size-sm\" href=\"https:\/\/falcomplai.de\/en\/kontakt\/?anliegen=AI%20Readiness%20Check&#038;utm_source=website&#038;utm_medium=cta&#038;utm_campaign=readiness_page\">\n\t\t\t\t\t\t<span class=\"elementor-button-content-wrapper\">\n\t\t\t\t\t\t\t\t\t<span class=\"elementor-button-text\">Make an appointment<\/span>\n\t\t\t\t\t<\/span>\n\t\t\t\t\t<\/a>\n\t\t\t\t\t\t\t\t<\/div>\n\t\t\t\t<div class=\"elementor-element elementor-element-070f83b elementor-widget elementor-widget-spacer\" data-id=\"070f83b\" data-element_type=\"widget\" data-e-type=\"widget\" data-widget_type=\"spacer.default\">\n\t\t\t\t\t\t\t<div class=\"elementor-spacer\">\n\t\t\t<div class=\"elementor-spacer-inner\"><\/div>\n\t\t<\/div>\n\t\t\t\t\t\t<\/div>\n\t\t\t\t\t<\/div>\n\t\t\t\t<\/div>\n\t\t<div class=\"elementor-element elementor-element-2bbed43 e-flex e-con-boxed e-con e-parent\" data-id=\"2bbed43\" data-element_type=\"container\" data-e-type=\"container\">\n\t\t\t\t\t<div class=\"e-con-inner\">\n\t\t\t\t<div class=\"elementor-element elementor-element-ea7da4f elementor-widget elementor-widget-heading\" data-id=\"ea7da4f\" data-element_type=\"widget\" data-e-type=\"widget\" data-widget_type=\"heading.default\">\n\t\t\t\t\t<h2 class=\"elementor-heading-title elementor-size-default\">Who is the AI Readiness Check suitable for?<\/h2>\t\t\t\t<\/div>\n\t\t\t\t<div class=\"elementor-element elementor-element-d0a7d1b elementor-widget elementor-widget-text-editor\" data-id=\"d0a7d1b\" data-element_type=\"widget\" data-e-type=\"widget\" data-widget_type=\"text-editor.default\">\n\t\t\t\t\t\t\t\t\t<p data-start=\"959\" data-end=\"1007\">The AI Readiness Check is aimed at SMEs that:<\/p><ul data-start=\"1009\" data-end=\"1200\"><li data-start=\"1009\" data-end=\"1045\"><p data-start=\"1011\" data-end=\"1045\">Already using AI or planning to use it<\/p><\/li><li data-start=\"1046\" data-end=\"1111\"><p data-start=\"1048\" data-end=\"1111\">Uncertainty regarding regulatory requirements<\/p><\/li><li data-start=\"1112\" data-end=\"1151\"><p data-start=\"1114\" data-end=\"1151\">Would like to clarify responsibilities<\/p><\/li><li data-start=\"1152\" data-end=\"1200\"><p data-start=\"1154\" data-end=\"1200\">Want to create structure before further expansion<\/p><\/li><\/ul><p data-start=\"1202\" data-end=\"1221\">Not suitable for:<\/p><ul data-start=\"1222\" data-end=\"1349\"><li data-start=\"1222\" data-end=\"1253\"><p data-start=\"1224\" data-end=\"1253\">purely informational discussions<\/p><\/li><li data-start=\"1254\" data-end=\"1289\"><p data-start=\"1256\" data-end=\"1289\">legal opinions on individual cases<\/p><\/li><li data-start=\"1290\" data-end=\"1349\"><p data-start=\"1292\" data-end=\"1349\">Large companies with an existing AI governance department<\/p><\/li><\/ul>\t\t\t\t\t\t\t\t<\/div>\n\t\t\t\t<div class=\"elementor-element elementor-element-66e1ccd elementor-widget elementor-widget-spacer\" data-id=\"66e1ccd\" data-element_type=\"widget\" data-e-type=\"widget\" data-widget_type=\"spacer.default\">\n\t\t\t\t\t\t\t<div class=\"elementor-spacer\">\n\t\t\t<div class=\"elementor-spacer-inner\"><\/div>\n\t\t<\/div>\n\t\t\t\t\t\t<\/div>\n\t\t\t\t\t<\/div>\n\t\t\t\t<\/div>\n\t\t<div class=\"elementor-element elementor-element-1351afa e-flex e-con-boxed e-con e-parent\" data-id=\"1351afa\" data-element_type=\"container\" data-e-type=\"container\">\n\t\t\t\t\t<div class=\"e-con-inner\">\n\t\t\t\t<div class=\"elementor-element elementor-element-cd980bc elementor-widget elementor-widget-heading\" data-id=\"cd980bc\" data-element_type=\"widget\" data-e-type=\"widget\" data-widget_type=\"heading.default\">\n\t\t\t\t\t<h2 class=\"elementor-heading-title elementor-size-default\">AI Readiness Check Procedure<\/h2>\t\t\t\t<\/div>\n\t\t\t\t<div class=\"elementor-element elementor-element-48cc51f elementor-widget elementor-widget-text-editor\" data-id=\"48cc51f\" data-element_type=\"widget\" data-e-type=\"widget\" data-widget_type=\"text-editor.default\">\n\t\t\t\t\t\t\t\t\t<h5>1. Preparation<\/h5>\n<p data-start=\"500\" data-end=\"676\">Structured recording of your deployed and planned AI systems as well as existing organisational framework conditions (e.g. responsibilities, guidelines, documentation).<\/p>\n<p data-start=\"678\" data-end=\"825\">The survey is conducted either via a compact preliminary questionnaire or in a structured manner during a joint appointment, depending on your initial situation.<\/p>\n<hr data-start=\"827\" data-end=\"830\">\n<h5>2. Analysis<\/h5>\n<p data-start=\"849\" data-end=\"1012\">Joint structured classification of AI systems and alignment with existing governance structures.<br data-start=\"951\" data-end=\"954\">Identification of relevant areas of action and priorities.<\/p>\n<hr data-start=\"1018\" data-end=\"1021\">\n<h5>3. Documentation of results<\/h5>\n<p data-start=\"1054\" data-end=\"1189\">You will receive a structured summary containing:<\/p>\n<ul>\n<li data-start=\"1472\" data-end=\"1498\">AI system inventory<\/li>\n<li data-start=\"1501\" data-end=\"1525\">Indicative classification<\/li>\n<li data-start=\"1528\" data-end=\"1575\">Review of the existing governance structure<\/li>\n<li data-start=\"1578\" data-end=\"1612\">Identified areas for action<\/li>\n<li data-start=\"1615\" data-end=\"1649\">Prioritised next steps<\/li>\n<\/ul>\n<p><i style=\"background-color: transparent;\">&nbsp;<br><\/i><i style=\"background-color: transparent;\">Note: A basic understanding of the regulatory system is helpful for focused implementation. If necessary, AI Literacy Training for your participants may be useful in advance. Please feel free to contact us.<\/i><\/p>\t\t\t\t\t\t\t\t<\/div>\n\t\t\t\t<div class=\"elementor-element elementor-element-1918fea elementor-widget elementor-widget-spacer\" data-id=\"1918fea\" data-element_type=\"widget\" data-e-type=\"widget\" data-widget_type=\"spacer.default\">\n\t\t\t\t\t\t\t<div class=\"elementor-spacer\">\n\t\t\t<div class=\"elementor-spacer-inner\"><\/div>\n\t\t<\/div>\n\t\t\t\t\t\t<\/div>\n\t\t\t\t\t<\/div>\n\t\t\t\t<\/div>\n\t\t<div class=\"elementor-element elementor-element-37b8b67 e-flex e-con-boxed e-con e-parent\" data-id=\"37b8b67\" data-element_type=\"container\" data-e-type=\"container\">\n\t\t\t\t\t<div class=\"e-con-inner\">\n\t\t\t\t<div class=\"elementor-element elementor-element-cf743ec elementor-widget elementor-widget-heading\" data-id=\"cf743ec\" data-element_type=\"widget\" data-e-type=\"widget\" data-widget_type=\"heading.default\">\n\t\t\t\t\t<h2 class=\"elementor-heading-title elementor-size-default\">What the AI Readiness Check does<\/h2>\t\t\t\t<\/div>\n\t\t\t\t\t<\/div>\n\t\t\t\t<\/div>\n\t\t<div class=\"elementor-element elementor-element-a840fbd e-grid e-con-boxed e-con e-parent\" data-id=\"a840fbd\" data-element_type=\"container\" data-e-type=\"container\">\n\t\t\t\t\t<div class=\"e-con-inner\">\n\t\t\t\t<div class=\"elementor-element elementor-element-8645de2 elementor-widget elementor-widget-text-editor\" data-id=\"8645de2\" data-element_type=\"widget\" data-e-type=\"widget\" data-widget_type=\"text-editor.default\">\n\t\t\t\t\t\t\t\t\t<p data-start=\"913\" data-end=\"971\">The AI Readiness Check puts an end to the phase of uncertainty.<\/p><p data-start=\"973\" data-end=\"984\">It creates:<\/p><ul data-start=\"986\" data-end=\"1242\"><li data-start=\"986\" data-end=\"1034\"><p data-start=\"988\" data-end=\"1034\">Transparency regarding the actual use of AI<\/p><\/li><li data-start=\"1035\" data-end=\"1104\"><p data-start=\"1037\" data-end=\"1104\">A comprehensible classification of regulatory points of contact<\/p><\/li><li data-start=\"1105\" data-end=\"1185\"><p data-start=\"1107\" data-end=\"1185\">A structured basis for decision-making for management and those responsible<\/p><\/li><li data-start=\"1186\" data-end=\"1242\"><p data-start=\"1188\" data-end=\"1242\">A prioritised approach for the next steps<\/p><\/li><\/ul><p data-start=\"1244\" data-end=\"1343\">This not only provides regulatory guidance \u2013 it also <b>supports organisational capacity to act<\/b>.<\/p>\t\t\t\t\t\t\t\t<\/div>\n\t\t\t\t\t<\/div>\n\t\t\t\t<\/div>\n\t\t<div class=\"elementor-element elementor-element-68478d8 e-flex e-con-boxed e-con e-parent\" data-id=\"68478d8\" data-element_type=\"container\" data-e-type=\"container\">\n\t\t\t\t\t<div class=\"e-con-inner\">\n\t\t\t\t<div class=\"elementor-element elementor-element-b5f3862 elementor-widget elementor-widget-text-editor\" data-id=\"b5f3862\" data-element_type=\"widget\" data-e-type=\"widget\" data-widget_type=\"text-editor.default\">\n\t\t\t\t\t\t\t\t\t<p>Der <b>AI Readiness Check<\/b> The AI Readiness Check does not replace a complete governance structure \u2013 but it does create the foundation, to create a structured approach <b>entscheidende Grundlage<\/b>, um diese zielgerichtet aufzubauen.<\/p>\t\t\t\t\t\t\t\t<\/div>\n\t\t\t\t<div class=\"elementor-element elementor-element-2c707a4 elementor-widget elementor-widget-spacer\" data-id=\"2c707a4\" data-element_type=\"widget\" data-e-type=\"widget\" data-widget_type=\"spacer.default\">\n\t\t\t\t\t\t\t<div class=\"elementor-spacer\">\n\t\t\t<div class=\"elementor-spacer-inner\"><\/div>\n\t\t<\/div>\n\t\t\t\t\t\t<\/div>\n\t\t\t\t<div class=\"elementor-element elementor-element-4898c71 elementor-widget elementor-widget-heading\" data-id=\"4898c71\" data-element_type=\"widget\" data-e-type=\"widget\" data-widget_type=\"heading.default\">\n\t\t\t\t\t<h2 class=\"elementor-heading-title elementor-size-default\">Your Investment<\/h2>\t\t\t\t<\/div>\n\t\t\t\t<div class=\"elementor-element elementor-element-aa48495 elementor-widget elementor-widget-text-editor\" data-id=\"aa48495\" data-element_type=\"widget\" data-e-type=\"widget\" data-widget_type=\"text-editor.default\">\n\t\t\t\t\t\t\t\t\t<p data-start=\"1010\" data-end=\"1070\">AI Readiness Check<br data-start=\"1028\" data-end=\"1031\">up to 5 AI systems<br data-start=\"1050\" data-end=\"1053\"><strong data-start=\"1053\" data-end=\"1070\">\u20ac 1.290 net*<\/strong><\/p>\n<p data-start=\"1072\" data-end=\"1125\">Extensions are possible transparently for larger volumes.<br>* FalcomplAI \u2013 Serafyma Sokolenko issues invoices without VAT in accordance with Section 19(1) of the German Value Added Tax Act (UStG) (small business regulation).<\/p>\t\t\t\t\t\t\t\t<\/div>\n\t\t\t\t<div class=\"elementor-element elementor-element-a9f4441 elementor-widget elementor-widget-button\" data-id=\"a9f4441\" data-element_type=\"widget\" data-e-type=\"widget\" data-widget_type=\"button.default\">\n\t\t\t\t\t\t\t\t\t\t<a class=\"elementor-button elementor-button-link elementor-size-sm\" href=\"https:\/\/falcomplai.de\/en\/kontakt\/?anliegen=AI%20Readiness%20Check&#038;utm_source=website&#038;utm_medium=cta&#038;utm_campaign=readiness_page\">\n\t\t\t\t\t\t<span class=\"elementor-button-content-wrapper\">\n\t\t\t\t\t\t\t\t\t<span class=\"elementor-button-text\">Request an AI Readiness Check<\/span>\n\t\t\t\t\t<\/span>\n\t\t\t\t\t<\/a>\n\t\t\t\t\t\t\t\t<\/div>\n\t\t\t\t<div class=\"elementor-element elementor-element-78e626b elementor-widget elementor-widget-text-editor\" data-id=\"78e626b\" data-element_type=\"widget\" data-e-type=\"widget\" data-widget_type=\"text-editor.default\">\n\t\t\t\t\t\t\t\t\t<p>Appointments are arranged individually. Please allow sufficient time in advance.<\/p>\t\t\t\t\t\t\t\t<\/div>\n\t\t\t\t\t<\/div>\n\t\t\t\t<\/div>\n\t\t\t\t<\/div>","protected":false},"excerpt":{"rendered":"<p>Der strukturierte Einstieg in Ihre KI-Governance Der AI Readiness Check schafft Transparenz \u00fcber eingesetzte und geplante KI-Systeme, ordnet regulatorische Ber\u00fchrungspunkte ein und definiert konkrete n\u00e4chste Schritte. Termin vereinbaren F\u00fcr wen ist der AI Readiness Check geeignet? Der AI Readiness Check richtet sich an KMU, die: KI bereits einsetzen oder planen Unsicherheit hinsichtlich regulatorischer Anforderungen haben [&hellip;]<\/p>\n","protected":false},"author":1,"featured_media":0,"parent":0,"menu_order":0,"comment_status":"closed","ping_status":"closed","template":"","meta":{"_surecart_dashboard_logo_width":"180px","_surecart_dashboard_show_logo":true,"_surecart_dashboard_navigation_orders":true,"_surecart_dashboard_navigation_invoices":true,"_surecart_dashboard_navigation_subscriptions":true,"_surecart_dashboard_navigation_downloads":true,"_surecart_dashboard_navigation_billing":true,"_surecart_dashboard_navigation_account":true,"footnotes":""},"class_list":["post-380","page","type-page","status-publish","hentry"],"_links":{"self":[{"href":"https:\/\/falcomplai.de\/en\/wp-json\/wp\/v2\/pages\/380","targetHints":{"allow":["GET"]}}],"collection":[{"href":"https:\/\/falcomplai.de\/en\/wp-json\/wp\/v2\/pages"}],"about":[{"href":"https:\/\/falcomplai.de\/en\/wp-json\/wp\/v2\/types\/page"}],"author":[{"embeddable":true,"href":"https:\/\/falcomplai.de\/en\/wp-json\/wp\/v2\/users\/1"}],"replies":[{"embeddable":true,"href":"https:\/\/falcomplai.de\/en\/wp-json\/wp\/v2\/comments?post=380"}],"version-history":[{"count":10,"href":"https:\/\/falcomplai.de\/en\/wp-json\/wp\/v2\/pages\/380\/revisions"}],"predecessor-version":[{"id":486,"href":"https:\/\/falcomplai.de\/en\/wp-json\/wp\/v2\/pages\/380\/revisions\/486"}],"wp:attachment":[{"href":"https:\/\/falcomplai.de\/en\/wp-json\/wp\/v2\/media?parent=380"}],"curies":[{"name":"wp","href":"https:\/\/api.w.org\/{rel}","templated":true}]}}