{"id":424,"date":"2026-03-01T21:45:33","date_gmt":"2026-03-01T20:45:33","guid":{"rendered":"https:\/\/falcomplai.de\/startseite-2\/"},"modified":"2026-03-07T20:46:52","modified_gmt":"2026-03-07T19:46:52","slug":"startseite-2","status":"publish","type":"page","link":"https:\/\/falcomplai.de\/en\/","title":{"rendered":"Home"},"content":{"rendered":"<div data-elementor-type=\"wp-page\" data-elementor-id=\"424\" class=\"elementor elementor-424\" data-elementor-post-type=\"page\">\n\t\t\t\t<div class=\"elementor-element elementor-element-19672a32 e-flex e-con-boxed e-con e-parent\" data-id=\"19672a32\" data-element_type=\"container\" data-e-type=\"container\" data-settings=\"{&quot;background_background&quot;:&quot;classic&quot;}\">\n\t\t\t\t\t<div class=\"e-con-inner\">\n\t\t<div class=\"elementor-element elementor-element-7abccc45 e-con-full e-flex e-con e-child\" data-id=\"7abccc45\" data-element_type=\"container\" data-e-type=\"container\">\n\t\t\t\t<div class=\"elementor-element elementor-element-8afe7aa elementor-widget elementor-widget-text-editor\" data-id=\"8afe7aa\" data-element_type=\"widget\" data-e-type=\"widget\" data-widget_type=\"text-editor.default\">\n\t\t\t\t\t\t\t\t\t<p><span style=\"text-decoration: underline;\">We combine understanding of the EU AI Act with genuine implementation in everyday work<\/span><\/p>\t\t\t\t\t\t\t\t<\/div>\n\t\t\t\t<div class=\"elementor-element elementor-element-17336341 elementor-widget elementor-widget-heading\" data-id=\"17336341\" data-element_type=\"widget\" data-e-type=\"widget\" data-widget_type=\"heading.default\">\n\t\t\t\t\t<h1 class=\"elementor-heading-title elementor-size-default\">Utilise AI. Understand risks. Create structures.<br><\/h1>\t\t\t\t<\/div>\n\t\t\t\t<div class=\"elementor-element elementor-element-148bddd6 elementor-widget elementor-widget-text-editor\" data-id=\"148bddd6\" data-element_type=\"widget\" data-e-type=\"widget\" data-widget_type=\"text-editor.default\">\n\t\t\t\t\t\t\t\t\t<p>FalcomplAI supports SMEs in systematically cataloguing AI systems, classifying them in regulatory terms and implementing them in an operationally viable manner.<\/p>\t\t\t\t\t\t\t\t<\/div>\n\t\t<div class=\"elementor-element elementor-element-2e7abace e-flex e-con-boxed e-con e-child\" data-id=\"2e7abace\" data-element_type=\"container\" data-e-type=\"container\">\n\t\t\t\t\t<div class=\"e-con-inner\">\n\t\t\t\t<div class=\"elementor-element elementor-element-51aa846e elementor-widget__width-auto elementor-widget elementor-widget-button\" data-id=\"51aa846e\" data-element_type=\"widget\" data-e-type=\"widget\" data-widget_type=\"button.default\">\n\t\t\t\t\t\t\t\t\t\t<a class=\"elementor-button elementor-button-link elementor-size-sm\" href=\"https:\/\/falcomplai.de\/en\/kontakt\/?anliegen=Orientierungsgespr\u00e4ch&#038;utm_source=website&#038;utm_medium=cta&#038;utm_campaign=startseite_hero\">\n\t\t\t\t\t\t<span class=\"elementor-button-content-wrapper\">\n\t\t\t\t\t\t\t\t\t<span class=\"elementor-button-text\">Arrange Initial Consultation<\/span>\n\t\t\t\t\t<\/span>\n\t\t\t\t\t<\/a>\n\t\t\t\t\t\t\t\t<\/div>\n\t\t\t\t<div class=\"elementor-element elementor-element-6af058e6 elementor-widget__width-auto elementor-widget elementor-widget-button\" data-id=\"6af058e6\" data-element_type=\"widget\" data-e-type=\"widget\" data-widget_type=\"button.default\">\n\t\t\t\t\t\t\t\t\t\t<a class=\"elementor-button elementor-button-link elementor-size-sm\" href=\"https:\/\/falcomplai.de\/en\/ai-readiness-check\/\">\n\t\t\t\t\t\t<span class=\"elementor-button-content-wrapper\">\n\t\t\t\t\t\t\t\t\t<span class=\"elementor-button-text\">Look at the AI Readiness Check<\/span>\n\t\t\t\t\t<\/span>\n\t\t\t\t\t<\/a>\n\t\t\t\t\t\t\t\t<\/div>\n\t\t\t\t\t<\/div>\n\t\t\t\t<\/div>\n\t\t\t\t<div class=\"elementor-element elementor-element-06abec7 elementor-widget elementor-widget-text-editor\" data-id=\"06abec7\" data-element_type=\"widget\" data-e-type=\"widget\" data-widget_type=\"text-editor.default\">\n\t\t\t\t\t\t\t\t\t<p><em>30 minutes. Online\u00a0<\/em><em>Joint assessment of your current situation.<\/em><\/p>\n<p>\u00a0<\/p>\n<p><b>What can you expect during the Initial Consultation?<\/b><\/p>\n<ul>\n<li>Classification of current AI usage<\/li>\n<li>Orientation on current governance<\/li>\n<li>Clarification of whether and how FalcomplAI can provide meaningful support<\/li>\n<\/ul>\t\t\t\t\t\t\t\t<\/div>\n\t\t\t\t<\/div>\n\t\t\t\t\t<\/div>\n\t\t\t\t<\/div>\n\t\t<div class=\"elementor-element elementor-element-6d3d7f4d e-flex e-con-boxed e-con e-parent\" data-id=\"6d3d7f4d\" data-element_type=\"container\" data-e-type=\"container\">\n\t\t\t\t\t<div class=\"e-con-inner\">\n\t\t<div class=\"elementor-element elementor-element-1e1b7263 e-con-full e-flex e-con e-child\" data-id=\"1e1b7263\" data-element_type=\"container\" data-e-type=\"container\">\n\t\t\t\t<div class=\"elementor-element elementor-element-41e1848b elementor-widget elementor-widget-heading\" data-id=\"41e1848b\" data-element_type=\"widget\" data-e-type=\"widget\" data-widget_type=\"heading.default\">\n\t\t\t\t\t<h2 class=\"elementor-heading-title elementor-size-default\">AI is used \u2013 but rarely embedded in a structured way<\/h2>\t\t\t\t<\/div>\n\t\t\t\t<div class=\"elementor-element elementor-element-77add50a elementor-widget elementor-widget-text-editor\" data-id=\"77add50a\" data-element_type=\"widget\" data-e-type=\"widget\" data-widget_type=\"text-editor.default\">\n\t\t\t\t\t\t\t\t\t<p data-start=\"976\" data-end=\"1073\">Many companies are already using AI productively or planning new applications. However, the following are often lacking:<\/p>\n<ul data-start=\"1075\" data-end=\"1297\">\n<li data-start=\"1075\" data-end=\"1129\">\n<p data-start=\"1077\" data-end=\"1129\">Overview of AI systems in use and planned<\/p>\n<\/li>\n<li data-start=\"1130\" data-end=\"1160\">\n<p data-start=\"1132\" data-end=\"1160\">Clear responsibilities<\/p>\n<\/li>\n<li data-start=\"1161\" data-end=\"1204\">\n<p data-start=\"1163\" data-end=\"1204\">Structured regulatory classification<\/p>\n<\/li>\n<li data-start=\"1205\" data-end=\"1246\">\n<p data-start=\"1207\" data-end=\"1246\">Documented basis for decision-making<\/p>\n<\/li>\n<li data-start=\"1247\" data-end=\"1297\">\n<p data-start=\"1249\" data-end=\"1297\">Training concepts for affected employees<\/p>\n<\/li>\n<\/ul>\n<p data-start=\"1299\" data-end=\"1390\">This creates operational uncertainty \u2013 not only in regulatory terms, but also in organisational terms.<\/p>\t\t\t\t\t\t\t\t<\/div>\n\t\t\t\t<\/div>\n\t\t<div class=\"elementor-element elementor-element-4bbc2cb4 e-con-full e-flex e-con e-child\" data-id=\"4bbc2cb4\" data-element_type=\"container\" data-e-type=\"container\">\n\t\t\t\t<div class=\"elementor-element elementor-element-23f2cb8a elementor-widget elementor-widget-image\" data-id=\"23f2cb8a\" data-element_type=\"widget\" data-e-type=\"widget\" data-widget_type=\"image.default\">\n\t\t\t\t\t\t\t\t\t\t\t\t\t\t\t<img fetchpriority=\"high\" decoding=\"async\" width=\"960\" height=\"720\" src=\"https:\/\/falcomplai.de\/wp-content\/uploads\/2026\/01\/EU_AI_KIBild2.png\" class=\"attachment-full size-full wp-image-298\" alt=\"eu ai kibild2\" srcset=\"https:\/\/falcomplai.de\/wp-content\/uploads\/2026\/01\/EU_AI_KIBild2.png 960w, https:\/\/falcomplai.de\/wp-content\/uploads\/2026\/01\/EU_AI_KIBild2-300x225.png 300w, https:\/\/falcomplai.de\/wp-content\/uploads\/2026\/01\/EU_AI_KIBild2-768x576.png 768w, https:\/\/falcomplai.de\/wp-content\/uploads\/2026\/01\/EU_AI_KIBild2-16x12.png 16w\" sizes=\"(max-width: 960px) 100vw, 960px\" title=\"Home\">\t\t\t\t\t\t\t\t\t\t\t\t\t\t\t<\/div>\n\t\t\t\t<\/div>\n\t\t\t\t\t<\/div>\n\t\t\t\t<\/div>\n\t\t<div class=\"elementor-element elementor-element-159425c e-flex e-con-boxed e-con e-parent\" data-id=\"159425c\" data-element_type=\"container\" data-e-type=\"container\">\n\t\t\t\t\t<div class=\"e-con-inner\">\n\t\t<div class=\"elementor-element elementor-element-9f94fe5 e-con-full e-flex e-con e-child\" data-id=\"9f94fe5\" data-element_type=\"container\" data-e-type=\"container\">\n\t\t\t\t<div class=\"elementor-element elementor-element-9dc0b05 elementor-widget elementor-widget-heading\" data-id=\"9dc0b05\" data-element_type=\"widget\" data-e-type=\"widget\" data-widget_type=\"heading.default\">\n\t\t\t\t\t<h2 class=\"elementor-heading-title elementor-size-default\">Structure instead of individual measures<\/h2>\t\t\t\t<\/div>\n\t\t\t\t<div class=\"elementor-element elementor-element-444c257 elementor-widget elementor-widget-text-editor\" data-id=\"444c257\" data-element_type=\"widget\" data-e-type=\"widget\" data-widget_type=\"text-editor.default\">\n\t\t\t\t\t\t\t\t\t<p data-start=\"1534\" data-end=\"1612\">FalcomplAI combines regulatory understanding with operational feasibility.<\/p>\n<p data-start=\"1614\" data-end=\"1626\">3 building blocks:<\/p>\n<h3 data-start=\"1628\" data-end=\"1655\">1. AI Readiness Check<\/h3>\n<p data-start=\"1656\" data-end=\"1719\">Structured inventory and indicative risk classification.<\/p>\n<h3 data-start=\"1721\" data-end=\"1762\">2. Governance-oriented training courses<\/h3>\n<p data-start=\"1763\" data-end=\"1833\">Thorough understanding of roles, responsibilities and duties.<\/p>\n<h3 data-start=\"1835\" data-end=\"1869\">3. Operational implementation logic<\/h3>\n<p data-start=\"1870\" data-end=\"1951\">Translation of regulatory requirements into concrete, comprehensible steps.<\/p>\t\t\t\t\t\t\t\t<\/div>\n\t\t\t\t<div class=\"elementor-element elementor-element-ec44845 elementor-widget__width-auto elementor-widget elementor-widget-button\" data-id=\"ec44845\" data-element_type=\"widget\" data-e-type=\"widget\" data-widget_type=\"button.default\">\n\t\t\t\t\t\t\t\t\t\t<a class=\"elementor-button elementor-button-link elementor-size-sm\" href=\"https:\/\/falcomplai.de\/en\/ai-readiness-check\/\">\n\t\t\t\t\t\t<span class=\"elementor-button-content-wrapper\">\n\t\t\t\t\t\t\t\t\t<span class=\"elementor-button-text\">Look at the AI Readiness Check<\/span>\n\t\t\t\t\t<\/span>\n\t\t\t\t\t<\/a>\n\t\t\t\t\t\t\t\t<\/div>\n\t\t\t\t<\/div>\n\t\t<div class=\"elementor-element elementor-element-047fc3b e-con-full e-flex e-con e-child\" data-id=\"047fc3b\" data-element_type=\"container\" data-e-type=\"container\">\n\t\t\t\t<div class=\"elementor-element elementor-element-459fbdd elementor-widget elementor-widget-image\" data-id=\"459fbdd\" data-element_type=\"widget\" data-e-type=\"widget\" data-widget_type=\"image.default\">\n\t\t\t\t\t\t\t\t\t\t\t\t\t\t\t<img decoding=\"async\" width=\"1920\" height=\"1291\" src=\"https:\/\/falcomplai.de\/wp-content\/uploads\/2026\/01\/consulting-3055704_1920.jpg\" class=\"attachment-full size-full wp-image-293\" alt=\"consulting 3055704 1920\" srcset=\"https:\/\/falcomplai.de\/wp-content\/uploads\/2026\/01\/consulting-3055704_1920.jpg 1920w, https:\/\/falcomplai.de\/wp-content\/uploads\/2026\/01\/consulting-3055704_1920-300x202.jpg 300w, https:\/\/falcomplai.de\/wp-content\/uploads\/2026\/01\/consulting-3055704_1920-1024x689.jpg 1024w, https:\/\/falcomplai.de\/wp-content\/uploads\/2026\/01\/consulting-3055704_1920-768x516.jpg 768w, https:\/\/falcomplai.de\/wp-content\/uploads\/2026\/01\/consulting-3055704_1920-1536x1033.jpg 1536w, https:\/\/falcomplai.de\/wp-content\/uploads\/2026\/01\/consulting-3055704_1920-18x12.jpg 18w\" sizes=\"(max-width: 1920px) 100vw, 1920px\" title=\"Home\">\t\t\t\t\t\t\t\t\t\t\t\t\t\t\t<\/div>\n\t\t\t\t<\/div>\n\t\t\t\t\t<\/div>\n\t\t\t\t<\/div>\n\t\t<div class=\"elementor-element elementor-element-f7fc9fe e-flex e-con-boxed e-con e-parent\" data-id=\"f7fc9fe\" data-element_type=\"container\" data-e-type=\"container\">\n\t\t\t\t\t<div class=\"e-con-inner\">\n\t\t<div class=\"elementor-element elementor-element-a783d9d e-con-full e-flex e-con e-child\" data-id=\"a783d9d\" data-element_type=\"container\" data-e-type=\"container\">\n\t\t\t\t<div class=\"elementor-element elementor-element-71ae577 elementor-widget elementor-widget-heading\" data-id=\"71ae577\" data-element_type=\"widget\" data-e-type=\"widget\" data-widget_type=\"heading.default\">\n\t\t\t\t\t<h2 class=\"elementor-heading-title elementor-size-default\">AI Readiness Check<\/h2>\t\t\t\t<\/div>\n\t\t\t\t<div class=\"elementor-element elementor-element-27508f3 elementor-widget elementor-widget-text-editor\" data-id=\"27508f3\" data-element_type=\"widget\" data-e-type=\"widget\" data-widget_type=\"text-editor.default\">\n\t\t\t\t\t\t\t\t\t<p data-start=\"2106\" data-end=\"2258\">The AI Readiness Check serves as a systematic introduction and start.<br data-start=\"2163\" data-end=\"2166\" \/>It creates transparency, prioritises areas for action and defines concrete next steps.<\/p>\n<p data-start=\"2260\" data-end=\"2277\">What you will receive:<\/p>\n<ul data-start=\"2279\" data-end=\"2445\">\n<li data-start=\"2279\" data-end=\"2332\">\n<p data-start=\"2281\" data-end=\"2332\">Overview of existing and planned AI systems<\/p>\n<\/li>\n<li data-start=\"2333\" data-end=\"2369\">\n<p data-start=\"2335\" data-end=\"2369\">Indicative risk classification<\/p>\n<\/li>\n<li data-start=\"2370\" data-end=\"2410\">\n<p data-start=\"2372\" data-end=\"2410\">Derivation of relevant obligations<\/p>\n<\/li>\n<li data-start=\"2411\" data-end=\"2445\">\n<p data-start=\"2413\" data-end=\"2445\">Specific recommendations for action<\/p>\n<\/li>\n<\/ul>\t\t\t\t\t\t\t\t<\/div>\n\t\t\t\t<div class=\"elementor-element elementor-element-fe19d0d elementor-widget__width-auto elementor-widget elementor-widget-button\" data-id=\"fe19d0d\" data-element_type=\"widget\" data-e-type=\"widget\" data-widget_type=\"button.default\">\n\t\t\t\t\t\t\t\t\t\t<a class=\"elementor-button elementor-button-link elementor-size-sm\" href=\"https:\/\/falcomplai.de\/en\/kontakt\/?anliegen=AI%20Readiness%20Check&#038;utm_source=website&#038;utm_medium=cta&#038;utm_campaign=home_page\">\n\t\t\t\t\t\t<span class=\"elementor-button-content-wrapper\">\n\t\t\t\t\t\t\t\t\t<span class=\"elementor-button-text\">Make an appointment<\/span>\n\t\t\t\t\t<\/span>\n\t\t\t\t\t<\/a>\n\t\t\t\t\t\t\t\t<\/div>\n\t\t\t\t<\/div>\n\t\t<div class=\"elementor-element elementor-element-c7da041 e-con-full e-flex e-con e-child\" data-id=\"c7da041\" data-element_type=\"container\" data-e-type=\"container\">\n\t\t\t\t<div class=\"elementor-element elementor-element-4eb5ab0 elementor-widget elementor-widget-image\" data-id=\"4eb5ab0\" data-element_type=\"widget\" data-e-type=\"widget\" data-widget_type=\"image.default\">\n\t\t\t\t\t\t\t\t\t\t\t\t\t\t\t<img decoding=\"async\" width=\"1920\" height=\"1280\" src=\"https:\/\/falcomplai.de\/wp-content\/uploads\/2026\/01\/attorney-9354138_1920.jpg\" class=\"attachment-full size-full wp-image-290\" alt=\"attorney 9354138 1920\" srcset=\"https:\/\/falcomplai.de\/wp-content\/uploads\/2026\/01\/attorney-9354138_1920.jpg 1920w, https:\/\/falcomplai.de\/wp-content\/uploads\/2026\/01\/attorney-9354138_1920-300x200.jpg 300w, https:\/\/falcomplai.de\/wp-content\/uploads\/2026\/01\/attorney-9354138_1920-1024x683.jpg 1024w, https:\/\/falcomplai.de\/wp-content\/uploads\/2026\/01\/attorney-9354138_1920-768x512.jpg 768w, https:\/\/falcomplai.de\/wp-content\/uploads\/2026\/01\/attorney-9354138_1920-1536x1024.jpg 1536w, https:\/\/falcomplai.de\/wp-content\/uploads\/2026\/01\/attorney-9354138_1920-18x12.jpg 18w\" sizes=\"(max-width: 1920px) 100vw, 1920px\" title=\"Home\">\t\t\t\t\t\t\t\t\t\t\t\t\t\t\t<\/div>\n\t\t\t\t<\/div>\n\t\t\t\t\t<\/div>\n\t\t\t\t<\/div>\n\t\t<div class=\"elementor-element elementor-element-f623654 e-flex e-con-boxed e-con e-parent\" data-id=\"f623654\" data-element_type=\"container\" data-e-type=\"container\">\n\t\t\t\t\t<div class=\"e-con-inner\">\n\t\t<div class=\"elementor-element elementor-element-8e33a98 e-con-full e-flex e-con e-child\" data-id=\"8e33a98\" data-element_type=\"container\" data-e-type=\"container\">\n\t\t\t\t<div class=\"elementor-element elementor-element-284dc31 elementor-widget elementor-widget-heading\" data-id=\"284dc31\" data-element_type=\"widget\" data-e-type=\"widget\" data-widget_type=\"heading.default\">\n\t\t\t\t\t<h2 class=\"elementor-heading-title elementor-size-default\">Why FalcomplAI<\/h2>\t\t\t\t<\/div>\n\t\t\t\t<div class=\"elementor-element elementor-element-954aa9d elementor-widget elementor-widget-text-editor\" data-id=\"954aa9d\" data-element_type=\"widget\" data-e-type=\"widget\" data-widget_type=\"text-editor.default\">\n\t\t\t\t\t\t\t\t\t<p>FalcomplAI \u2013 Foresight, strategy, protection, precision and clarity\u00a0<\/p>\n<ul>\n<li data-start=\"2561\" data-end=\"2628\">\n<p data-start=\"2563\" data-end=\"2628\">Legally sound understanding of regulatory requirements<\/p>\n<\/li>\n<li data-start=\"2629\" data-end=\"2666\">\n<p data-start=\"2631\" data-end=\"2666\">Focus on operational feasibility<\/p>\n<\/li>\n<li data-start=\"2667\" data-end=\"2694\">\n<p data-start=\"2669\" data-end=\"2694\">Specialisation in SMEs<\/p>\n<\/li>\n<li data-start=\"2695\" data-end=\"2739\">\n<p data-start=\"2697\" data-end=\"2739\">Product-based, structured methodology<\/p>\n<\/li>\n<\/ul>\t\t\t\t\t\t\t\t<\/div>\n\t\t\t\t<div class=\"elementor-element elementor-element-142748d elementor-widget__width-auto elementor-widget elementor-widget-button\" data-id=\"142748d\" data-element_type=\"widget\" data-e-type=\"widget\" data-widget_type=\"button.default\">\n\t\t\t\t\t\t\t\t\t\t<a class=\"elementor-button elementor-button-link elementor-size-sm\" href=\"https:\/\/falcomplai.de\/en\/ai-readiness-check\/\">\n\t\t\t\t\t\t<span class=\"elementor-button-content-wrapper\">\n\t\t\t\t\t\t\t\t\t<span class=\"elementor-button-text\">Look at the AI Readiness Check<\/span>\n\t\t\t\t\t<\/span>\n\t\t\t\t\t<\/a>\n\t\t\t\t\t\t\t\t<\/div>\n\t\t\t\t<\/div>\n\t\t<div class=\"elementor-element elementor-element-49bdf69 e-con-full e-flex e-con e-child\" data-id=\"49bdf69\" data-element_type=\"container\" data-e-type=\"container\">\n\t\t\t\t<div class=\"elementor-element elementor-element-4231ba0 elementor-widget elementor-widget-image\" data-id=\"4231ba0\" data-element_type=\"widget\" data-e-type=\"widget\" data-widget_type=\"image.default\">\n\t\t\t\t\t\t\t\t\t\t\t\t\t\t\t<img loading=\"lazy\" decoding=\"async\" width=\"563\" height=\"376\" src=\"https:\/\/falcomplai.de\/wp-content\/uploads\/2026\/01\/EU_AI_KIBild.png\" class=\"attachment-full size-full wp-image-300\" alt=\"eu ai kibild\" srcset=\"https:\/\/falcomplai.de\/wp-content\/uploads\/2026\/01\/EU_AI_KIBild.png 563w, https:\/\/falcomplai.de\/wp-content\/uploads\/2026\/01\/EU_AI_KIBild-300x200.png 300w, https:\/\/falcomplai.de\/wp-content\/uploads\/2026\/01\/EU_AI_KIBild-18x12.png 18w\" sizes=\"(max-width: 563px) 100vw, 563px\" title=\"Home\">\t\t\t\t\t\t\t\t\t\t\t\t\t\t\t<\/div>\n\t\t\t\t<\/div>\n\t\t\t\t\t<\/div>\n\t\t\t\t<\/div>\n\t\t<div class=\"elementor-element elementor-element-6fb18af9 e-con-full e-flex e-con e-parent\" data-id=\"6fb18af9\" data-element_type=\"container\" data-e-type=\"container\">\n\t\t<div class=\"elementor-element elementor-element-3df5020f e-con-full e-flex e-con e-child\" data-id=\"3df5020f\" data-element_type=\"container\" data-e-type=\"container\" data-settings=\"{&quot;background_background&quot;:&quot;classic&quot;}\">\n\t\t\t\t<div class=\"elementor-element elementor-element-5862d696 elementor-widget elementor-widget-heading\" data-id=\"5862d696\" data-element_type=\"widget\" data-e-type=\"widget\" data-widget_type=\"heading.default\">\n\t\t\t\t\t<h2 class=\"elementor-heading-title elementor-size-default\">Clarify where your company stands.<\/h2>\t\t\t\t<\/div>\n\t\t\t\t<div class=\"elementor-element elementor-element-afb0f34 elementor-widget elementor-widget-text-editor\" data-id=\"afb0f34\" data-element_type=\"widget\" data-e-type=\"widget\" data-widget_type=\"text-editor.default\">\n\t\t\t\t\t\t\t\t\t<p>In a structured inital consultation, we examine whether and how FalcomplAI can provide meaningful support.<\/p>\t\t\t\t\t\t\t\t<\/div>\n\t\t\t\t<div class=\"elementor-element elementor-element-417d76e4 elementor-widget__width-auto elementor-widget elementor-widget-button\" data-id=\"417d76e4\" data-element_type=\"widget\" data-e-type=\"widget\" data-widget_type=\"button.default\">\n\t\t\t\t\t\t\t\t\t\t<a class=\"elementor-button elementor-button-link elementor-size-sm\" href=\"https:\/\/falcomplai.de\/en\/kontakt\/?anliegen=Orientierungsgespr\u00e4ch&#038;utm_source=website&#038;utm_medium=cta&#038;utm_campaign=startseite_hero\">\n\t\t\t\t\t\t<span class=\"elementor-button-content-wrapper\">\n\t\t\t\t\t\t\t\t\t<span class=\"elementor-button-text\">Arrange Initial Consultation<\/span>\n\t\t\t\t\t<\/span>\n\t\t\t\t\t<\/a>\n\t\t\t\t\t\t\t\t<\/div>\n\t\t\t\t<\/div>\n\t\t\t\t<\/div>\n\t\t<div class=\"elementor-element elementor-element-5825127 e-flex e-con-boxed e-con e-parent\" data-id=\"5825127\" data-element_type=\"container\" data-e-type=\"container\">\n\t\t\t\t\t<div class=\"e-con-inner\">\n\t\t\t\t\t<\/div>\n\t\t\t\t<\/div>\n\t\t\t\t<\/div>","protected":false},"excerpt":{"rendered":"<p>Wir verbinden EU-AI-Act-Verst\u00e4ndnis mit echter Umsetzung im Arbeitsalltag KI nutzen. Risiken verstehen. Strukturen schaffen. FalcomplAI unterst\u00fctzt KMU dabei, KI-Systeme strukturiert zu inventarisieren, regulatorisch einzuordnen und operativ tragf\u00e4hig umzusetzen. Orientierungsgespr\u00e4ch vereinbaren AI Readiness Check ansehen 30 Minuten. Online.\u00a0Gemeinsame Einordnung Ihrer aktuellen Situation. \u00a0 Was erwartet Sie im Orientierungsgespr\u00e4ch? Einordnung der aktuellen KI-Nutzung Orientierung zur aktuellen Governance [&hellip;]<\/p>\n","protected":false},"author":1,"featured_media":0,"parent":0,"menu_order":0,"comment_status":"closed","ping_status":"closed","template":"","meta":{"_surecart_dashboard_logo_width":"180px","_surecart_dashboard_show_logo":true,"_surecart_dashboard_navigation_orders":true,"_surecart_dashboard_navigation_invoices":true,"_surecart_dashboard_navigation_subscriptions":true,"_surecart_dashboard_navigation_downloads":true,"_surecart_dashboard_navigation_billing":true,"_surecart_dashboard_navigation_account":true,"footnotes":""},"class_list":["post-424","page","type-page","status-publish","hentry"],"_links":{"self":[{"href":"https:\/\/falcomplai.de\/en\/wp-json\/wp\/v2\/pages\/424","targetHints":{"allow":["GET"]}}],"collection":[{"href":"https:\/\/falcomplai.de\/en\/wp-json\/wp\/v2\/pages"}],"about":[{"href":"https:\/\/falcomplai.de\/en\/wp-json\/wp\/v2\/types\/page"}],"author":[{"embeddable":true,"href":"https:\/\/falcomplai.de\/en\/wp-json\/wp\/v2\/users\/1"}],"replies":[{"embeddable":true,"href":"https:\/\/falcomplai.de\/en\/wp-json\/wp\/v2\/comments?post=424"}],"version-history":[{"count":10,"href":"https:\/\/falcomplai.de\/en\/wp-json\/wp\/v2\/pages\/424\/revisions"}],"predecessor-version":[{"id":483,"href":"https:\/\/falcomplai.de\/en\/wp-json\/wp\/v2\/pages\/424\/revisions\/483"}],"wp:attachment":[{"href":"https:\/\/falcomplai.de\/en\/wp-json\/wp\/v2\/media?parent=424"}],"curies":[{"name":"wp","href":"https:\/\/api.w.org\/{rel}","templated":true}]}}