{"id":439,"date":"2026-03-04T21:55:16","date_gmt":"2026-03-04T20:55:16","guid":{"rendered":"https:\/\/falcomplai.de\/?page_id=439"},"modified":"2026-03-07T20:52:55","modified_gmt":"2026-03-07T19:52:55","slug":"ai-readiness-check-2","status":"publish","type":"page","link":"https:\/\/falcomplai.de\/en\/ai-readiness-check-2\/","title":{"rendered":"Training"},"content":{"rendered":"<div data-elementor-type=\"wp-page\" data-elementor-id=\"439\" class=\"elementor elementor-439\" data-elementor-post-type=\"page\">\n\t\t\t\t<div class=\"elementor-element elementor-element-c99809b e-flex e-con-boxed e-con e-parent\" data-id=\"c99809b\" data-element_type=\"container\" data-e-type=\"container\">\n\t\t\t\t\t<div class=\"e-con-inner\">\n\t\t\t\t<div class=\"elementor-element elementor-element-54cb3cf elementor-widget elementor-widget-heading\" data-id=\"54cb3cf\" data-element_type=\"widget\" data-e-type=\"widget\" data-widget_type=\"heading.default\">\n\t\t\t\t\t<h1 class=\"elementor-heading-title elementor-size-default\">AI literacy as the basis for responsible AI use<\/h1>\t\t\t\t<\/div>\n\t\t\t\t\t<\/div>\n\t\t\t\t<\/div>\n\t\t<div class=\"elementor-element elementor-element-af6bbad e-flex e-con-boxed e-con e-parent\" data-id=\"af6bbad\" data-element_type=\"container\" data-e-type=\"container\">\n\t\t\t\t\t<div class=\"e-con-inner\">\n\t\t\t\t<div class=\"elementor-element elementor-element-bb29e7b elementor-widget elementor-widget-text-editor\" data-id=\"bb29e7b\" data-element_type=\"widget\" data-e-type=\"widget\" data-widget_type=\"text-editor.default\">\n\t\t\t\t\t\t\t\t\t<p>Regulatory requirements and practical application go hand in hand.<br data-start=\"694\" data-end=\"697\" \/>FalcomplAI combines a fundamental understanding of regulations with concrete application expertise.<\/p>\t\t\t\t\t\t\t\t<\/div>\n\t\t\t\t<div class=\"elementor-element elementor-element-2b0375f elementor-widget elementor-widget-button\" data-id=\"2b0375f\" data-element_type=\"widget\" data-e-type=\"widget\" data-widget_type=\"button.default\">\n\t\t\t\t\t\t\t\t\t\t<a class=\"elementor-button elementor-button-link elementor-size-sm\" href=\"\/en\/kontakt\/?anliegen=Basic%20AI%20Literacy%20Training&#038;utm_source=website&#038;utm_medium=cta&#038;utm_campaign=training_page_basic\">\n\t\t\t\t\t\t<span class=\"elementor-button-content-wrapper\">\n\t\t\t\t\t\t\t\t\t<span class=\"elementor-button-text\">Make an appointment<\/span>\n\t\t\t\t\t<\/span>\n\t\t\t\t\t<\/a>\n\t\t\t\t\t\t\t\t<\/div>\n\t\t\t\t<div class=\"elementor-element elementor-element-070f83b elementor-widget elementor-widget-spacer\" data-id=\"070f83b\" data-element_type=\"widget\" data-e-type=\"widget\" data-widget_type=\"spacer.default\">\n\t\t\t\t\t\t\t<div class=\"elementor-spacer\">\n\t\t\t<div class=\"elementor-spacer-inner\"><\/div>\n\t\t<\/div>\n\t\t\t\t\t\t<\/div>\n\t\t\t\t\t<\/div>\n\t\t\t\t<\/div>\n\t\t<div class=\"elementor-element elementor-element-2bbed43 e-flex e-con-boxed e-con e-parent\" data-id=\"2bbed43\" data-element_type=\"container\" data-e-type=\"container\">\n\t\t\t\t\t<div class=\"e-con-inner\">\n\t\t\t\t<div class=\"elementor-element elementor-element-ea7da4f elementor-widget elementor-widget-heading\" data-id=\"ea7da4f\" data-element_type=\"widget\" data-e-type=\"widget\" data-widget_type=\"heading.default\">\n\t\t\t\t\t<h2 class=\"elementor-heading-title elementor-size-default\">Why AI literacy is more than just theory<\/h2>\t\t\t\t<\/div>\n\t\t\t\t<div class=\"elementor-element elementor-element-d0a7d1b elementor-widget elementor-widget-text-editor\" data-id=\"d0a7d1b\" data-element_type=\"widget\" data-e-type=\"widget\" data-widget_type=\"text-editor.default\">\n\t\t\t\t\t\t\t\t\t<p data-start=\"527\" data-end=\"656\">The use of AI systems entails not only technical requirements, but also organisational and regulatory ones.<\/p><p data-start=\"658\" data-end=\"713\"><u>A common basic understanding is a prerequisite for:<\/u><\/p><ul data-start=\"715\" data-end=\"860\"><li data-start=\"715\" data-end=\"748\"><p data-start=\"717\" data-end=\"748\">clear allocation of responsibilities<\/p><\/li><li data-start=\"749\" data-end=\"784\"><p data-start=\"751\" data-end=\"784\">realistic risk assessment<\/p><\/li><li data-start=\"785\" data-end=\"822\"><p data-start=\"787\" data-end=\"822\">appropriate decision-making processes<\/p><\/li><li data-start=\"823\" data-end=\"860\"><p data-start=\"825\" data-end=\"860\">sustainable governance structures<\/p><\/li><\/ul><p data-start=\"846\" data-end=\"886\">\u00a0<\/p><p data-start=\"862\" data-end=\"910\">AI literacy is not an add-on \u2013 it is fundamental.<\/p>\t\t\t\t\t\t\t\t<\/div>\n\t\t\t\t<div class=\"elementor-element elementor-element-66e1ccd elementor-widget elementor-widget-spacer\" data-id=\"66e1ccd\" data-element_type=\"widget\" data-e-type=\"widget\" data-widget_type=\"spacer.default\">\n\t\t\t\t\t\t\t<div class=\"elementor-spacer\">\n\t\t\t<div class=\"elementor-spacer-inner\"><\/div>\n\t\t<\/div>\n\t\t\t\t\t\t<\/div>\n\t\t\t\t\t<\/div>\n\t\t\t\t<\/div>\n\t\t<div class=\"elementor-element elementor-element-1351afa e-flex e-con-boxed e-con e-parent\" data-id=\"1351afa\" data-element_type=\"container\" data-e-type=\"container\">\n\t\t\t\t\t<div class=\"e-con-inner\">\n\t\t\t\t<div class=\"elementor-element elementor-element-cd980bc elementor-widget elementor-widget-heading\" data-id=\"cd980bc\" data-element_type=\"widget\" data-e-type=\"widget\" data-widget_type=\"heading.default\">\n\t\t\t\t\t<h2 class=\"elementor-heading-title elementor-size-default\">Our training formats<\/h2>\t\t\t\t<\/div>\n\t\t\t\t<div class=\"elementor-element elementor-element-48cc51f elementor-widget elementor-widget-text-editor\" data-id=\"48cc51f\" data-element_type=\"widget\" data-e-type=\"widget\" data-widget_type=\"text-editor.default\">\n\t\t\t\t\t\t\t\t\t<h5>1. Basic AI Literacy und Grundlagen de Prompting<\/h5><p data-start=\"1190\" data-end=\"1225\"><strong data-start=\"1190\" data-end=\"1225\">Online training | approx. 3 hours<\/strong><\/p><p data-start=\"1227\" data-end=\"1360\">A compact training course designed to establish a common regulatory and practical understanding of how to deal with AI systems.<\/p><p data-start=\"1362\" data-end=\"1375\"><u>It connects:<\/u><\/p><ul data-start=\"1377\" data-end=\"1608\"><li data-start=\"1377\" data-end=\"1422\"><p data-start=\"1379\" data-end=\"1422\">Classification of the regulatory system<\/p><\/li><li data-start=\"1423\" data-end=\"1481\"><p data-start=\"1425\" data-end=\"1481\">Understanding risk classes and responsibilities<\/p><\/li><li data-start=\"1482\" data-end=\"1528\"><p data-start=\"1484\" data-end=\"1528\">Fundamentals of responsible AI use<\/p><\/li><li data-start=\"1529\" data-end=\"1608\"><p data-start=\"1531\" data-end=\"1608\">Introduction to structured prompting and conscious evaluation of AI output<\/p><\/li><\/ul><p data-start=\"1610\" data-end=\"1712\">The aim is not only knowledge, but a common foundation for sustainable governance decisions.<\/p><hr data-start=\"1714\" data-end=\"1717\" \/><h5>2. Individual AI literacy &amp; in-depth application<\/h5><p data-start=\"1774\" data-end=\"1865\"><b>Online or in person | Duration depending on objectives (usually 3\u20136 hours)<\/b><\/p><p data-start=\"1774\" data-end=\"1865\">For companies with specific AI use cases or identified areas of action.<\/p><p data-start=\"1867\" data-end=\"1895\"><u>Content is adapted to:<\/u><\/p><ul><li data-start=\"617\" data-end=\"640\"><p data-start=\"619\" data-end=\"640\">systems used<\/p><\/li><li data-start=\"641\" data-end=\"662\"><p data-start=\"643\" data-end=\"662\">affected roles<\/p><\/li><li data-start=\"663\" data-end=\"699\"><p data-start=\"665\" data-end=\"699\">existing governance structures<\/p><\/li><li data-start=\"700\" data-end=\"744\"><p data-start=\"702\" data-end=\"744\">specific application and risk scenarios<\/p><\/li><li data-start=\"745\" data-end=\"806\"><p data-start=\"747\" data-end=\"806\">practical application of generative AI in the respective context<\/p><\/li><li data-start=\"807\" data-end=\"875\"><p data-start=\"809\" data-end=\"875\">In-depth prompt strategies and conscious evaluation of AI output<\/p><\/li><\/ul>\t\t\t\t\t\t\t\t<\/div>\n\t\t\t\t\t<\/div>\n\t\t\t\t<\/div>\n\t\t<div class=\"elementor-element elementor-element-68478d8 e-flex e-con-boxed e-con e-parent\" data-id=\"68478d8\" data-element_type=\"container\" data-e-type=\"container\">\n\t\t\t\t\t<div class=\"e-con-inner\">\n\t\t\t\t<div class=\"elementor-element elementor-element-2c707a4 elementor-widget elementor-widget-spacer\" data-id=\"2c707a4\" data-element_type=\"widget\" data-e-type=\"widget\" data-widget_type=\"spacer.default\">\n\t\t\t\t\t\t\t<div class=\"elementor-spacer\">\n\t\t\t<div class=\"elementor-spacer-inner\"><\/div>\n\t\t<\/div>\n\t\t\t\t\t\t<\/div>\n\t\t\t\t<div class=\"elementor-element elementor-element-4898c71 elementor-widget elementor-widget-heading\" data-id=\"4898c71\" data-element_type=\"widget\" data-e-type=\"widget\" data-widget_type=\"heading.default\">\n\t\t\t\t\t<h2 class=\"elementor-heading-title elementor-size-default\">Your Investment<\/h2>\t\t\t\t<\/div>\n\t\t\t\t<div class=\"elementor-element elementor-element-aa48495 elementor-widget elementor-widget-text-editor\" data-id=\"aa48495\" data-element_type=\"widget\" data-e-type=\"widget\" data-widget_type=\"text-editor.default\">\n\t\t\t\t\t\t\t\t\t<h5>1. Basic AI Literacy und Grundlagen de Prompting<\/h5><p data-start=\"343\" data-end=\"376\"><strong data-start=\"468\" data-end=\"511\">Corporate flat rate: from \u20ac1,090 net*<\/strong><\/p><p data-start=\"468\" data-end=\"546\">(Online | Suitable for teams of up to 7 people.)<\/p><p data-start=\"548\" data-end=\"576\">Extension possible for larger groups (additional participants \u20ac120 per person net*).<br \/><br \/>Note: Are you planning for a smaller or larger number of participants?<br \/>Please contact us \u2013 we will tailor the format to suit your situation.<\/p><hr data-start=\"754\" data-end=\"757\" \/><h5><br \/>2. Individual AI literacy &amp; in-depth application<\/h5><p data-start=\"814\" data-end=\"848\"><strong data-start=\"867\" data-end=\"900\">Price range: from \u20ac1,590 net*<\/strong><\/p><p data-start=\"867\" data-end=\"940\">(Online or in person with up to 8 participants, pricing depends on scope, depth of preparation and participant group.<br data-start=\"1037\" data-end=\"1040\" \/>We would be happy to provide you with a structured quote.)<\/p><p>\u00a0<\/p><hr data-start=\"754\" data-end=\"757\" \/><p data-start=\"867\" data-end=\"940\">* FalcomplAI \u2013 Serafyma Sokolenko issues invoices without VAT in accordance with Section 19(1) of the German Value Added Tax Act (UStG) (small business regulation).<\/p>\t\t\t\t\t\t\t\t<\/div>\n\t\t\t\t<div class=\"elementor-element elementor-element-f6c05ff elementor-widget elementor-widget-heading\" data-id=\"f6c05ff\" data-element_type=\"widget\" data-e-type=\"widget\" data-widget_type=\"heading.default\">\n\t\t\t\t\t<h2 class=\"elementor-heading-title elementor-size-default\">Next step<\/h2>\t\t\t\t<\/div>\n\t\t\t\t<div class=\"elementor-element elementor-element-132d690 elementor-widget elementor-widget-text-editor\" data-id=\"132d690\" data-element_type=\"widget\" data-e-type=\"widget\" data-widget_type=\"text-editor.default\">\n\t\t\t\t\t\t\t\t\t<p>Would you like to plan a training session directly or first clarify the right format for you?<\/p>\t\t\t\t\t\t\t\t<\/div>\n\t\t<div class=\"elementor-element elementor-element-a0dec4e e-grid e-con-full e-con e-child\" data-id=\"a0dec4e\" data-element_type=\"container\" data-e-type=\"container\">\n\t\t\t\t<div class=\"elementor-element elementor-element-a9f4441 elementor-widget elementor-widget-button\" data-id=\"a9f4441\" data-element_type=\"widget\" data-e-type=\"widget\" data-widget_type=\"button.default\">\n\t\t\t\t\t\t\t\t\t\t<a class=\"elementor-button elementor-button-link elementor-size-sm\" href=\"\/en\/kontakt\/?anliegen=Basic%20AI%20Literacy%20Training&#038;utm_source=website&#038;utm_medium=cta&#038;utm_campaign=training_page_basic\">\n\t\t\t\t\t\t<span class=\"elementor-button-content-wrapper\">\n\t\t\t\t\t\t\t\t\t<span class=\"elementor-button-text\">Plan Training<\/span>\n\t\t\t\t\t<\/span>\n\t\t\t\t\t<\/a>\n\t\t\t\t\t\t\t\t<\/div>\n\t\t\t\t<div class=\"elementor-element elementor-element-e3e0a3b elementor-widget elementor-widget-button\" data-id=\"e3e0a3b\" data-element_type=\"widget\" data-e-type=\"widget\" data-widget_type=\"button.default\">\n\t\t\t\t\t\t\t\t\t\t<a class=\"elementor-button elementor-button-link elementor-size-sm\" href=\"\/en\/kontakt\/?anliegen=Orientierungsgespr\u00e4ch&#038;utm_source=website&#038;utm_medium=cta&#038;utm_campaign=training_page_consult\">\n\t\t\t\t\t\t<span class=\"elementor-button-content-wrapper\">\n\t\t\t\t\t\t\t\t\t<span class=\"elementor-button-text\">Arrange Initial Consultation<\/span>\n\t\t\t\t\t<\/span>\n\t\t\t\t\t<\/a>\n\t\t\t\t\t\t\t\t<\/div>\n\t\t\t\t<\/div>\n\t\t\t\t<div class=\"elementor-element elementor-element-78e626b elementor-widget elementor-widget-text-editor\" data-id=\"78e626b\" data-element_type=\"widget\" data-e-type=\"widget\" data-widget_type=\"text-editor.default\">\n\t\t\t\t\t\t\t\t\t<p>Appointments are arranged individually. Please allow sufficient time in advance.<\/p>\t\t\t\t\t\t\t\t<\/div>\n\t\t\t\t\t<\/div>\n\t\t\t\t<\/div>\n\t\t\t\t<\/div>","protected":false},"excerpt":{"rendered":"<p>AI Literacy als Grundlage verantwortungsvoller KI-Nutzung Regulatorische Anforderungen und praktische Anwendung geh\u00f6ren zusammen.FalcomplAI verbindet regulatorisches Grundverst\u00e4ndnis mit konkreter Anwendungskompetenz. Termin vereinbaren Warum AI Literacy mehr ist als Theorie Der Einsatz von KI-Systemen bringt nicht nur technische, sondern auch organisatorische und regulatorische Anforderungen mit sich. Ein gemeinsames Grundverst\u00e4ndnis ist Voraussetzung f\u00fcr: klare Verantwortungszuordnung realistische Risikoeinsch\u00e4tzung angemessene [&hellip;]<\/p>\n","protected":false},"author":1,"featured_media":0,"parent":0,"menu_order":0,"comment_status":"closed","ping_status":"closed","template":"","meta":{"_surecart_dashboard_logo_width":"180px","_surecart_dashboard_show_logo":true,"_surecart_dashboard_navigation_orders":true,"_surecart_dashboard_navigation_invoices":true,"_surecart_dashboard_navigation_subscriptions":true,"_surecart_dashboard_navigation_downloads":true,"_surecart_dashboard_navigation_billing":true,"_surecart_dashboard_navigation_account":true,"footnotes":""},"class_list":["post-439","page","type-page","status-publish","hentry"],"_links":{"self":[{"href":"https:\/\/falcomplai.de\/en\/wp-json\/wp\/v2\/pages\/439","targetHints":{"allow":["GET"]}}],"collection":[{"href":"https:\/\/falcomplai.de\/en\/wp-json\/wp\/v2\/pages"}],"about":[{"href":"https:\/\/falcomplai.de\/en\/wp-json\/wp\/v2\/types\/page"}],"author":[{"embeddable":true,"href":"https:\/\/falcomplai.de\/en\/wp-json\/wp\/v2\/users\/1"}],"replies":[{"embeddable":true,"href":"https:\/\/falcomplai.de\/en\/wp-json\/wp\/v2\/comments?post=439"}],"version-history":[{"count":10,"href":"https:\/\/falcomplai.de\/en\/wp-json\/wp\/v2\/pages\/439\/revisions"}],"predecessor-version":[{"id":490,"href":"https:\/\/falcomplai.de\/en\/wp-json\/wp\/v2\/pages\/439\/revisions\/490"}],"wp:attachment":[{"href":"https:\/\/falcomplai.de\/en\/wp-json\/wp\/v2\/media?parent=439"}],"curies":[{"name":"wp","href":"https:\/\/api.w.org\/{rel}","templated":true}]}}